{"id":147,"date":"2024-11-10T19:00:47","date_gmt":"2024-11-10T18:00:47","guid":{"rendered":"http:\/\/localhost\/auaare\/?page_id=147"},"modified":"2024-11-10T19:41:03","modified_gmt":"2024-11-10T18:41:03","slug":"novedades","status":"publish","type":"page","link":"https:\/\/auaare.org\/index.php\/novedades\/","title":{"rendered":"Novedades"},"content":{"rendered":"\t\t<div data-elementor-type=\"wp-page\" data-elementor-id=\"147\" class=\"elementor elementor-147\">\n\t\t\t\t\t\t<section class=\"elementor-section elementor-top-section elementor-element elementor-element-ba3a069 elementor-section-boxed elementor-section-height-default elementor-section-height-default\" data-id=\"ba3a069\" data-element_type=\"section\">\n\t\t\t\t\t\t<div class=\"elementor-container elementor-column-gap-default\">\n\t\t\t\t\t<div class=\"elementor-column elementor-col-100 elementor-top-column elementor-element elementor-element-9b8c9d0\" data-id=\"9b8c9d0\" data-element_type=\"column\">\n\t\t\t<div class=\"elementor-widget-wrap elementor-element-populated\">\n\t\t\t\t\t\t<div class=\"elementor-element elementor-element-595e68c elementor-grid-3 elementor-grid-tablet-2 elementor-grid-mobile-1 elementor-posts--thumbnail-top elementor-posts--show-avatar elementor-card-shadow-yes elementor-posts__hover-gradient elementor-widget elementor-widget-posts\" data-id=\"595e68c\" data-element_type=\"widget\" data-settings=\"{&quot;pagination_type&quot;:&quot;numbers&quot;,&quot;cards_columns&quot;:&quot;3&quot;,&quot;cards_columns_tablet&quot;:&quot;2&quot;,&quot;cards_columns_mobile&quot;:&quot;1&quot;,&quot;cards_row_gap&quot;:{&quot;unit&quot;:&quot;px&quot;,&quot;size&quot;:35,&quot;sizes&quot;:[]},&quot;cards_row_gap_tablet&quot;:{&quot;unit&quot;:&quot;px&quot;,&quot;size&quot;:&quot;&quot;,&quot;sizes&quot;:[]},&quot;cards_row_gap_mobile&quot;:{&quot;unit&quot;:&quot;px&quot;,&quot;size&quot;:&quot;&quot;,&quot;sizes&quot;:[]}}\" data-widget_type=\"posts.cards\">\n\t\t\t\t<div class=\"elementor-widget-container\">\n\t\t\t\t\t<div class=\"elementor-posts-container elementor-posts elementor-posts--skin-cards elementor-grid\">\n\t\t\t\t<article class=\"elementor-post elementor-grid-item post-263 post type-post status-publish format-standard has-post-thumbnail category-sin-categoria\">\n\t\t\t<div class=\"elementor-post__card\">\n\t\t\t\t<a class=\"elementor-post__thumbnail__link\" href=\"https:\/\/auaare.org\/index.php\/2025\/04\/20\/un-entendimiento-entre-europa-y-africa-es-imprescindible\/\" ><div class=\"elementor-post__thumbnail\"><img fetchpriority=\"high\" decoding=\"async\" width=\"300\" height=\"260\" src=\"https:\/\/auaare.org\/wp-content\/uploads\/2025\/04\/Captura-de-Pantalla-2025-04-20-a-las-17.53.57-300x260.png\" class=\"attachment-medium size-medium wp-image-264\" alt=\"\" srcset=\"https:\/\/auaare.org\/wp-content\/uploads\/2025\/04\/Captura-de-Pantalla-2025-04-20-a-las-17.53.57-300x260.png 300w, https:\/\/auaare.org\/wp-content\/uploads\/2025\/04\/Captura-de-Pantalla-2025-04-20-a-las-17.53.57-768x666.png 768w, https:\/\/auaare.org\/wp-content\/uploads\/2025\/04\/Captura-de-Pantalla-2025-04-20-a-las-17.53.57.png 772w\" sizes=\"(max-width: 300px) 100vw, 300px\" \/><\/div><\/a>\n\t\t\t\t<div class=\"elementor-post__avatar\">\n\t\t\t\t\t<\/div>\n\t\t\t\t<div class=\"elementor-post__text\">\n\t\t\t\t<h3 class=\"elementor-post__title\">\n\t\t\t<a href=\"https:\/\/auaare.org\/index.php\/2025\/04\/20\/un-entendimiento-entre-europa-y-africa-es-imprescindible\/\" >\n\t\t\t\tUn entendimiento entre Europa y \u00c1frica es imprescindible.\t\t\t<\/a>\n\t\t<\/h3>\n\t\t\t\t<div class=\"elementor-post__excerpt\">\n\t\t\t<p>Uno de los mayores problemas que afrontan ambos continentes, son los movimientos migratorios procedentes de \u00c1frica, y con destino en Europa. Sin entrar en reflexiones respecto a los motivos que puedan llevar a una persona a abandonar su tierra, su familia, sus amistades, incluso a sus hijos&#8230; Tampoco describiremos el tortuoso y sacrificado recorrido necesario para llegar a Nador (cerca de Melilla), a T\u00e1nger y Fnidez (cerca de Ceuta), a ciudades como Dakhla, Laayoune, y otras en la costa atl\u00e1ntica del S\u00e1hara Occidental, o a Oujda cerca de la frontera argelina; destinos estos \u00faltimos para dar el salto al continente deseado. En \u00c1frica, resulta necesario la consecuci\u00f3n de pol\u00edticas sociales que lleven al pueblo a tener f\u00e9 en las posibilidades de futuro. En Europa, tanto nativos como migrantes, necesitamos espacios de acercamiento entre las distintas formas sociales, culturales, de costumbres&#8230; esas que, actualmente, puede parecer que se encuentran a un<\/p>\n\t\t<\/div>\n\t\t\n\t\t<a class=\"elementor-post__read-more\" href=\"https:\/\/auaare.org\/index.php\/2025\/04\/20\/un-entendimiento-entre-europa-y-africa-es-imprescindible\/\" >\n\t\t\tLeer m\u00e1s...\t\t<\/a>\n\n\t\t\t\t<\/div>\n\t\t\t\t<div class=\"elementor-post__meta-data\">\n\t\t\t\t\t<span class=\"elementor-post-date\">\n\t\t\t20 de abril de 2025\t\t<\/span>\n\t\t\t\t<\/div>\n\t\t\t\t\t<\/div>\n\t\t<\/article>\n\t\t\t\t<article class=\"elementor-post elementor-grid-item post-175 post type-post status-publish format-standard has-post-thumbnail category-uaare\">\n\t\t\t<div class=\"elementor-post__card\">\n\t\t\t\t<a class=\"elementor-post__thumbnail__link\" href=\"https:\/\/auaare.org\/index.php\/2024\/11\/10\/nuestros-estatutos-transparencia\/\" ><div class=\"elementor-post__thumbnail\"><img decoding=\"async\" width=\"300\" height=\"225\" src=\"https:\/\/auaare.org\/wp-content\/uploads\/2024\/10\/IMG_20210620_143651.jpg\" class=\"attachment-medium size-medium wp-image-39\" alt=\"\" \/><\/div><\/a>\n\t\t\t\t<div class=\"elementor-post__avatar\">\n\t\t\t\t\t<\/div>\n\t\t\t\t<div class=\"elementor-post__text\">\n\t\t\t\t<h3 class=\"elementor-post__title\">\n\t\t\t<a href=\"https:\/\/auaare.org\/index.php\/2024\/11\/10\/nuestros-estatutos-transparencia\/\" >\n\t\t\t\tNuestros estatutos (transparencia)\t\t\t<\/a>\n\t\t<\/h3>\n\t\t\t\t<div class=\"elementor-post__excerpt\">\n\t\t\t<p>Dejamos aqu\u00ed nuestros estatutos por si fueran de inter\u00e9s para la ciudadan\u00eda.<\/p>\n\t\t<\/div>\n\t\t\n\t\t<a class=\"elementor-post__read-more\" href=\"https:\/\/auaare.org\/index.php\/2024\/11\/10\/nuestros-estatutos-transparencia\/\" >\n\t\t\tLeer m\u00e1s...\t\t<\/a>\n\n\t\t\t\t<\/div>\n\t\t\t\t<div class=\"elementor-post__meta-data\">\n\t\t\t\t\t<span class=\"elementor-post-date\">\n\t\t\t10 de noviembre de 2024\t\t<\/span>\n\t\t\t\t<\/div>\n\t\t\t\t\t<\/div>\n\t\t<\/article>\n\t\t\t\t<article class=\"elementor-post elementor-grid-item post-161 post type-post status-publish format-standard has-post-thumbnail category-en-los-medios category-uaare\">\n\t\t\t<div class=\"elementor-post__card\">\n\t\t\t\t<a class=\"elementor-post__thumbnail__link\" href=\"https:\/\/auaare.org\/index.php\/2024\/11\/10\/asi-es-uaare\/\" ><div class=\"elementor-post__thumbnail\"><img decoding=\"async\" width=\"300\" height=\"225\" src=\"https:\/\/auaare.org\/wp-content\/uploads\/2024\/10\/IMG_20210620_143651.jpg\" class=\"attachment-medium size-medium wp-image-39\" alt=\"\" \/><\/div><\/a>\n\t\t\t\t<div class=\"elementor-post__avatar\">\n\t\t\t\t\t<\/div>\n\t\t\t\t<div class=\"elementor-post__text\">\n\t\t\t\t<h3 class=\"elementor-post__title\">\n\t\t\t<a href=\"https:\/\/auaare.org\/index.php\/2024\/11\/10\/asi-es-uaare\/\" >\n\t\t\t\tAs\u00ed es UAARE\t\t\t<\/a>\n\t\t<\/h3>\n\t\t\t\t<div class=\"elementor-post__excerpt\">\n\t\t\t\t\t<\/div>\n\t\t\n\t\t<a class=\"elementor-post__read-more\" href=\"https:\/\/auaare.org\/index.php\/2024\/11\/10\/asi-es-uaare\/\" >\n\t\t\tLeer m\u00e1s...\t\t<\/a>\n\n\t\t\t\t<\/div>\n\t\t\t\t<div class=\"elementor-post__meta-data\">\n\t\t\t\t\t<span class=\"elementor-post-date\">\n\t\t\t10 de noviembre de 2024\t\t<\/span>\n\t\t\t\t<\/div>\n\t\t\t\t\t<\/div>\n\t\t<\/article>\n\t\t\t\t<article class=\"elementor-post elementor-grid-item post-155 post type-post status-publish format-standard has-post-thumbnail category-en-los-medios\">\n\t\t\t<div class=\"elementor-post__card\">\n\t\t\t\t<a class=\"elementor-post__thumbnail__link\" href=\"https:\/\/auaare.org\/index.php\/2024\/11\/10\/nos-entrevistan-en-el-canal-de-youtube-luces-en-la-oscuridad\/\" ><div class=\"elementor-post__thumbnail\"><img decoding=\"async\" width=\"300\" height=\"225\" src=\"https:\/\/auaare.org\/wp-content\/uploads\/2024\/10\/IMG-20191130-WA0008.jpg\" class=\"attachment-medium size-medium wp-image-65\" alt=\"\" \/><\/div><\/a>\n\t\t\t\t<div class=\"elementor-post__avatar\">\n\t\t\t\t\t<\/div>\n\t\t\t\t<div class=\"elementor-post__text\">\n\t\t\t\t<h3 class=\"elementor-post__title\">\n\t\t\t<a href=\"https:\/\/auaare.org\/index.php\/2024\/11\/10\/nos-entrevistan-en-el-canal-de-youtube-luces-en-la-oscuridad\/\" >\n\t\t\t\tNos entrevistan en el canal de youtube \u00abLuces en la oscuridad\u00bb\t\t\t<\/a>\n\t\t<\/h3>\n\t\t\t\t<div class=\"elementor-post__excerpt\">\n\t\t\t<p>El canal de youtube \u00abLuces en la oscuridad\u00bb entrevista al presidente de UAARE.<\/p>\n\t\t<\/div>\n\t\t\n\t\t<a class=\"elementor-post__read-more\" href=\"https:\/\/auaare.org\/index.php\/2024\/11\/10\/nos-entrevistan-en-el-canal-de-youtube-luces-en-la-oscuridad\/\" >\n\t\t\tLeer m\u00e1s...\t\t<\/a>\n\n\t\t\t\t<\/div>\n\t\t\t\t<div class=\"elementor-post__meta-data\">\n\t\t\t\t\t<span class=\"elementor-post-date\">\n\t\t\t10 de noviembre de 2024\t\t<\/span>\n\t\t\t\t<\/div>\n\t\t\t\t\t<\/div>\n\t\t<\/article>\n\t\t\t\t<\/div>\n\t\t\n\t\t\t\t<\/div>\n\t\t\t\t<\/div>\n\t\t\t\t\t<\/div>\n\t\t<\/div>\n\t\t\t\t\t<\/div>\n\t\t<\/section>\n\t\t\t\t<\/div>\n\t\t","protected":false},"excerpt":{"rendered":"","protected":false},"author":1,"featured_media":0,"parent":0,"menu_order":0,"comment_status":"closed","ping_status":"closed","template":"","meta":{"footnotes":""},"class_list":["post-147","page","type-page","status-publish"],"_links":{"self":[{"href":"https:\/\/auaare.org\/index.php\/wp-json\/wp\/v2\/pages\/147","targetHints":{"allow":["GET"]}}],"collection":[{"href":"https:\/\/auaare.org\/index.php\/wp-json\/wp\/v2\/pages"}],"about":[{"href":"https:\/\/auaare.org\/index.php\/wp-json\/wp\/v2\/types\/page"}],"author":[{"embeddable":true,"href":"https:\/\/auaare.org\/index.php\/wp-json\/wp\/v2\/users\/1"}],"replies":[{"embeddable":true,"href":"https:\/\/auaare.org\/index.php\/wp-json\/wp\/v2\/comments?post=147"}],"version-history":[{"count":9,"href":"https:\/\/auaare.org\/index.php\/wp-json\/wp\/v2\/pages\/147\/revisions"}],"predecessor-version":[{"id":168,"href":"https:\/\/auaare.org\/index.php\/wp-json\/wp\/v2\/pages\/147\/revisions\/168"}],"wp:attachment":[{"href":"https:\/\/auaare.org\/index.php\/wp-json\/wp\/v2\/media?parent=147"}],"curies":[{"name":"wp","href":"https:\/\/api.w.org\/{rel}","templated":true}]}}