{"id":119,"date":"2024-10-21T00:25:22","date_gmt":"2024-10-20T22:25:22","guid":{"rendered":"http:\/\/localhost\/auaare\/?page_id=119"},"modified":"2024-11-11T17:25:13","modified_gmt":"2024-11-11T16:25:13","slug":"participa","status":"publish","type":"page","link":"https:\/\/auaare.org\/index.php\/participa\/","title":{"rendered":"Participa"},"content":{"rendered":"\t\t<div data-elementor-type=\"wp-page\" data-elementor-id=\"119\" class=\"elementor elementor-119\">\n\t\t\t\t\t\t<section class=\"elementor-section elementor-top-section elementor-element elementor-element-095f669 elementor-section-boxed elementor-section-height-default elementor-section-height-default\" data-id=\"095f669\" data-element_type=\"section\">\n\t\t\t\t\t\t<div class=\"elementor-container elementor-column-gap-default\">\n\t\t\t\t\t<div class=\"elementor-column elementor-col-100 elementor-top-column elementor-element elementor-element-2200523\" data-id=\"2200523\" data-element_type=\"column\">\n\t\t\t<div class=\"elementor-widget-wrap elementor-element-populated\">\n\t\t\t\t\t\t<div class=\"elementor-element elementor-element-d6767d9 elementor-widget elementor-widget-heading\" data-id=\"d6767d9\" data-element_type=\"widget\" data-widget_type=\"heading.default\">\n\t\t\t\t<div class=\"elementor-widget-container\">\n\t\t\t<h2 class=\"elementor-heading-title elementor-size-default\">\u00a1\u00danete a Nuestra Comunidad!\n<\/h2>\t\t<\/div>\n\t\t\t\t<\/div>\n\t\t\t\t\t<\/div>\n\t\t<\/div>\n\t\t\t\t\t<\/div>\n\t\t<\/section>\n\t\t\t\t<section class=\"elementor-section elementor-top-section elementor-element elementor-element-c938d6e elementor-section-boxed elementor-section-height-default elementor-section-height-default\" data-id=\"c938d6e\" data-element_type=\"section\">\n\t\t\t\t\t\t<div class=\"elementor-container elementor-column-gap-default\">\n\t\t\t\t\t<div class=\"elementor-column elementor-col-100 elementor-top-column elementor-element elementor-element-5cff21f\" data-id=\"5cff21f\" data-element_type=\"column\">\n\t\t\t<div class=\"elementor-widget-wrap elementor-element-populated\">\n\t\t\t\t\t\t<div class=\"elementor-element elementor-element-7616d73 elementor-widget elementor-widget-text-editor\" data-id=\"7616d73\" data-element_type=\"widget\" data-widget_type=\"text-editor.default\">\n\t\t\t\t<div class=\"elementor-widget-container\">\n\t\t\t\t\t\t\t<div class=\"flex-shrink-0 flex flex-col relative items-end\"><div><div class=\"pt-0\"><div class=\"gizmo-bot-avatar flex h-8 w-8 items-center justify-center overflow-hidden rounded-full\"><div class=\"relative p-1 rounded-sm flex items-center justify-center bg-token-main-surface-primary text-token-text-primary h-8 w-8\">\u00a0<\/div><\/div><\/div><\/div><\/div><div class=\"group\/conversation-turn relative flex w-full min-w-0 flex-col agent-turn\"><div class=\"flex-col gap-1 md:gap-3\"><div class=\"flex max-w-full flex-col flex-grow\"><div class=\"min-h-8 text-message flex w-full flex-col items-end gap-2 whitespace-normal break-words [.text-message+&amp;]:mt-5\" dir=\"auto\" data-message-author-role=\"assistant\" data-message-id=\"bf20b6ca-554a-4014-abb1-a87debbcb590\" data-message-model-slug=\"gpt-4o-mini\"><div class=\"flex w-full flex-col gap-1 empty:hidden first:pt-[3px]\"><div class=\"markdown prose w-full break-words dark:prose-invert light\"><p><strong><span style=\"color: var( --e-global-color-text ); font-family: var( --e-global-typography-text-font-family ), Sans-serif; font-size: 15px; word-spacing: normal;\">En UAARE, tu voz y tu apoyo son fundamentales. Hay varias maneras de participar y contribuir a nuestra misi\u00f3n:<\/span><\/strong><\/p><ol><li><p><strong>Comparte tus inquietudes<\/strong>: Nos encantar\u00eda conocer tus pensamientos y sugerencias. Escr\u00edbenos un correo electr\u00f3nico con tus inquietudes sobre nuestra asociaci\u00f3n. Tu opini\u00f3n nos ayuda a mejorar y a crear un espacio que realmente responda a las necesidades de nuestra comunidad.<\/p><\/li><li><p><strong>Vis\u00edtanos en persona<\/strong>: Te invitamos a acercarte a nuestra sede. Conocernos en persona es una excelente oportunidad para entender mejor nuestros proyectos y c\u00f3mo puedes involucrarte. \u00a1Estamos aqu\u00ed para recibirte con los brazos abiertos!<\/p><\/li><li><p><strong>Haz una donaci\u00f3n<\/strong>: Tu generosidad puede marcar una gran diferencia. Contribuye con una donaci\u00f3n para que UAARE siga avanzando en sus objetivos y contin\u00fae brindando apoyo a la comunidad. Cada aporte cuenta y nos acerca un paso m\u00e1s a lograr un impacto positivo.<\/p><\/li><\/ol><p style=\"text-align: center;\">\u00a0CAIXABANK:\u00a0ES60 2100 1967 6602 0016 2658<\/p><\/div><\/div><\/div><\/div><\/div><\/div>\t\t\t\t\t\t<\/div>\n\t\t\t\t<\/div>\n\t\t\t\t<div class=\"elementor-element elementor-element-351a671 elementor-widget elementor-widget-text-editor\" data-id=\"351a671\" data-element_type=\"widget\" data-widget_type=\"text-editor.default\">\n\t\t\t\t<div class=\"elementor-widget-container\">\n\t\t\t\t\t\t\t<p style=\"text-align: center;\"><strong>\u00a1Esperamos contar contigo en esta emocionante aventura! Juntos, podemos construir un futuro mejor.<\/strong><\/p>\t\t\t\t\t\t<\/div>\n\t\t\t\t<\/div>\n\t\t\t\t<div class=\"elementor-element elementor-element-f9e75c5 elementor-widget elementor-widget-spacer\" data-id=\"f9e75c5\" data-element_type=\"widget\" data-widget_type=\"spacer.default\">\n\t\t\t\t<div class=\"elementor-widget-container\">\n\t\t\t\t\t<div class=\"elementor-spacer\">\n\t\t\t<div class=\"elementor-spacer-inner\"><\/div>\n\t\t<\/div>\n\t\t\t\t<\/div>\n\t\t\t\t<\/div>\n\t\t\t\t\t<\/div>\n\t\t<\/div>\n\t\t\t\t\t<\/div>\n\t\t<\/section>\n\t\t\t\t<section class=\"elementor-section elementor-top-section elementor-element elementor-element-ef7dd6f elementor-section-boxed elementor-section-height-default elementor-section-height-default\" data-id=\"ef7dd6f\" data-element_type=\"section\">\n\t\t\t\t\t\t<div class=\"elementor-container elementor-column-gap-default\">\n\t\t\t\t\t<div class=\"elementor-column elementor-col-100 elementor-top-column elementor-element elementor-element-b5aa71f\" data-id=\"b5aa71f\" data-element_type=\"column\">\n\t\t\t<div class=\"elementor-widget-wrap elementor-element-populated\">\n\t\t\t\t\t\t<div class=\"elementor-element elementor-element-9261c6b elementor-align-center elementor-widget elementor-widget-button\" data-id=\"9261c6b\" data-element_type=\"widget\" data-widget_type=\"button.default\">\n\t\t\t\t<div class=\"elementor-widget-container\">\n\t\t\t\t\t\t\t<div class=\"elementor-button-wrapper\">\n\t\t\t\t\t<a class=\"elementor-button elementor-button-link elementor-size-sm elementor-animation-grow\" href=\"https:\/\/auaare.org\/index.php\/contacto\/\">\n\t\t\t\t\t\t<span class=\"elementor-button-content-wrapper\">\n\t\t\t\t\t\t<span class=\"elementor-button-icon\">\n\t\t\t\t<i aria-hidden=\"true\" class=\"far fa-arrow-alt-circle-right\"><\/i>\t\t\t<\/span>\n\t\t\t\t\t\t\t\t\t<span class=\"elementor-button-text\">Contacta para participar<\/span>\n\t\t\t\t\t<\/span>\n\t\t\t\t\t<\/a>\n\t\t\t\t<\/div>\n\t\t\t\t\t\t<\/div>\n\t\t\t\t<\/div>\n\t\t\t\t<div class=\"elementor-element elementor-element-8d0c4b3 elementor-widget elementor-widget-spacer\" data-id=\"8d0c4b3\" data-element_type=\"widget\" data-widget_type=\"spacer.default\">\n\t\t\t\t<div class=\"elementor-widget-container\">\n\t\t\t\t\t<div class=\"elementor-spacer\">\n\t\t\t<div class=\"elementor-spacer-inner\"><\/div>\n\t\t<\/div>\n\t\t\t\t<\/div>\n\t\t\t\t<\/div>\n\t\t\t\t\t<\/div>\n\t\t<\/div>\n\t\t\t\t\t<\/div>\n\t\t<\/section>\n\t\t\t\t<section class=\"elementor-section elementor-top-section elementor-element elementor-element-921d448 elementor-section-boxed elementor-section-height-default elementor-section-height-default\" data-id=\"921d448\" data-element_type=\"section\">\n\t\t\t\t\t\t<div class=\"elementor-container elementor-column-gap-default\">\n\t\t\t\t\t<div class=\"elementor-column elementor-col-100 elementor-top-column elementor-element elementor-element-4e74676\" data-id=\"4e74676\" data-element_type=\"column\">\n\t\t\t<div class=\"elementor-widget-wrap elementor-element-populated\">\n\t\t\t\t\t\t<div class=\"elementor-element elementor-element-54b29ba elementor-widget elementor-widget-html\" data-id=\"54b29ba\" data-element_type=\"widget\" data-widget_type=\"html.default\">\n\t\t\t\t<div class=\"elementor-widget-container\">\n\t\t\t<iframe width=\"560\" height=\"315\" src=\"https:\/\/www.youtube.com\/embed\/bYqvwIVeznw?si=TCxlNTn1G9BisGcP\" title=\"YouTube video player\" frameborder=\"0\" allow=\"accelerometer; autoplay; clipboard-write; encrypted-media; gyroscope; picture-in-picture; web-share\" referrerpolicy=\"strict-origin-when-cross-origin\" allowfullscreen><\/iframe>\t\t<\/div>\n\t\t\t\t<\/div>\n\t\t\t\t\t<\/div>\n\t\t<\/div>\n\t\t\t\t\t<\/div>\n\t\t<\/section>\n\t\t\t\t<section class=\"elementor-section elementor-top-section elementor-element elementor-element-908addc elementor-section-boxed elementor-section-height-default elementor-section-height-default\" data-id=\"908addc\" data-element_type=\"section\">\n\t\t\t\t\t\t<div class=\"elementor-container elementor-column-gap-default\">\n\t\t\t\t\t<div class=\"elementor-column elementor-col-100 elementor-top-column elementor-element elementor-element-8287aca\" data-id=\"8287aca\" data-element_type=\"column\">\n\t\t\t<div class=\"elementor-widget-wrap elementor-element-populated\">\n\t\t\t\t\t\t<div class=\"elementor-element elementor-element-1cf3058 elementor-widget elementor-widget-spacer\" data-id=\"1cf3058\" data-element_type=\"widget\" data-widget_type=\"spacer.default\">\n\t\t\t\t<div class=\"elementor-widget-container\">\n\t\t\t\t\t<div class=\"elementor-spacer\">\n\t\t\t<div class=\"elementor-spacer-inner\"><\/div>\n\t\t<\/div>\n\t\t\t\t<\/div>\n\t\t\t\t<\/div>\n\t\t\t\t<section class=\"elementor-section elementor-inner-section elementor-element elementor-element-4cd80b9 elementor-section-boxed elementor-section-height-default elementor-section-height-default\" data-id=\"4cd80b9\" data-element_type=\"section\">\n\t\t\t\t\t\t<div class=\"elementor-container elementor-column-gap-default\">\n\t\t\t\t\t<div class=\"elementor-column elementor-col-50 elementor-inner-column elementor-element elementor-element-0736340\" data-id=\"0736340\" data-element_type=\"column\">\n\t\t\t<div class=\"elementor-widget-wrap elementor-element-populated\">\n\t\t\t\t\t\t<div class=\"elementor-element elementor-element-95b1ef7 elementor-widget elementor-widget-heading\" data-id=\"95b1ef7\" data-element_type=\"widget\" data-widget_type=\"heading.default\">\n\t\t\t\t<div class=\"elementor-widget-container\">\n\t\t\t<div class=\"elementor-heading-title elementor-size-default\">Dejamos aqu\u00ed nuestros estatutos por si fuera de tu inter\u00e9s<\/div>\t\t<\/div>\n\t\t\t\t<\/div>\n\t\t\t\t\t<\/div>\n\t\t<\/div>\n\t\t\t\t<div class=\"elementor-column elementor-col-50 elementor-inner-column elementor-element elementor-element-4079ad3\" data-id=\"4079ad3\" data-element_type=\"column\">\n\t\t\t<div class=\"elementor-widget-wrap elementor-element-populated\">\n\t\t\t\t\t\t<div class=\"elementor-element elementor-element-ee8e4e5 elementor-align-left elementor-widget elementor-widget-button\" data-id=\"ee8e4e5\" data-element_type=\"widget\" data-widget_type=\"button.default\">\n\t\t\t\t<div class=\"elementor-widget-container\">\n\t\t\t\t\t\t\t<div class=\"elementor-button-wrapper\">\n\t\t\t\t\t<a class=\"elementor-button elementor-button-link elementor-size-sm elementor-animation-grow\" href=\"http:\/\/localhost\/auaare\/wp-content\/uploads\/2024\/10\/ESTATUTOS-DE-LA-ASOCIACION-UAARE.pdf\" target=\"_blank\">\n\t\t\t\t\t\t<span class=\"elementor-button-content-wrapper\">\n\t\t\t\t\t\t<span class=\"elementor-button-icon\">\n\t\t\t\t<i aria-hidden=\"true\" class=\"far fa-arrow-alt-circle-down\"><\/i>\t\t\t<\/span>\n\t\t\t\t\t\t\t\t\t<span class=\"elementor-button-text\">Descargar estatutos<\/span>\n\t\t\t\t\t<\/span>\n\t\t\t\t\t<\/a>\n\t\t\t\t<\/div>\n\t\t\t\t\t\t<\/div>\n\t\t\t\t<\/div>\n\t\t\t\t\t<\/div>\n\t\t<\/div>\n\t\t\t\t\t<\/div>\n\t\t<\/section>\n\t\t\t\t\t<\/div>\n\t\t<\/div>\n\t\t\t\t\t<\/div>\n\t\t<\/section>\n\t\t\t\t<\/div>\n\t\t","protected":false},"excerpt":{"rendered":"<p>\u00a1\u00danete a Nuestra Comunidad! \u00a0 En UAARE, tu voz y tu apoyo son fundamentales. Hay varias maneras de participar y contribuir a nuestra misi\u00f3n: Comparte tus inquietudes: Nos encantar\u00eda conocer tus pensamientos y sugerencias. Escr\u00edbenos un correo electr\u00f3nico con tus inquietudes sobre nuestra asociaci\u00f3n. Tu opini\u00f3n nos ayuda a mejorar y a crear un espacio que realmente responda a las necesidades de nuestra comunidad. Vis\u00edtanos en persona: Te invitamos a acercarte a nuestra sede. Conocernos en persona es una excelente oportunidad para entender mejor nuestros proyectos y c\u00f3mo puedes involucrarte. \u00a1Estamos aqu\u00ed para recibirte con los brazos abiertos! Haz una donaci\u00f3n: Tu generosidad puede marcar una gran diferencia. Contribuye con una donaci\u00f3n para que UAARE siga avanzando en sus objetivos y contin\u00fae brindando apoyo a la comunidad. Cada aporte cuenta y nos acerca un paso m\u00e1s a lograr un impacto positivo. \u00a0CAIXABANK:\u00a0ES60 2100 1967 6602 0016 2658 \u00a1Esperamos contar contigo&hellip;<\/p>\n<p> <a class=\"more-link\" href=\"https:\/\/auaare.org\/index.php\/participa\/\">Leer m\u00e1s<\/a><\/p>\n","protected":false},"author":1,"featured_media":0,"parent":0,"menu_order":0,"comment_status":"closed","ping_status":"closed","template":"","meta":{"footnotes":""},"class_list":["post-119","page","type-page","status-publish"],"_links":{"self":[{"href":"https:\/\/auaare.org\/index.php\/wp-json\/wp\/v2\/pages\/119","targetHints":{"allow":["GET"]}}],"collection":[{"href":"https:\/\/auaare.org\/index.php\/wp-json\/wp\/v2\/pages"}],"about":[{"href":"https:\/\/auaare.org\/index.php\/wp-json\/wp\/v2\/types\/page"}],"author":[{"embeddable":true,"href":"https:\/\/auaare.org\/index.php\/wp-json\/wp\/v2\/users\/1"}],"replies":[{"embeddable":true,"href":"https:\/\/auaare.org\/index.php\/wp-json\/wp\/v2\/comments?post=119"}],"version-history":[{"count":22,"href":"https:\/\/auaare.org\/index.php\/wp-json\/wp\/v2\/pages\/119\/revisions"}],"predecessor-version":[{"id":206,"href":"https:\/\/auaare.org\/index.php\/wp-json\/wp\/v2\/pages\/119\/revisions\/206"}],"wp:attachment":[{"href":"https:\/\/auaare.org\/index.php\/wp-json\/wp\/v2\/media?parent=119"}],"curies":[{"name":"wp","href":"https:\/\/api.w.org\/{rel}","templated":true}]}}